{"id":35,"date":"2019-01-23T11:33:02","date_gmt":"2019-01-23T11:33:02","guid":{"rendered":"http:\/\/wendlanddraisine.de\/?page_id=35"},"modified":"2022-01-01T18:33:34","modified_gmt":"2022-01-01T18:33:34","slug":"wie-alles-begann-2","status":"publish","type":"page","link":"https:\/\/wendlanddraisine.de\/","title":{"rendered":"Willkommen bei der Wendlanddraisine!"},"content":{"rendered":"\n<p>Haben Sie schon einmal davon getr\u00e4umt, Lokf\u00fchrer zu werden? Oder davon, v\u00f6llig ohne L\u00e4rm und St\u00f6rung durch andere Verkehrsteilnehmer durch stille W\u00e4lder zu gleiten und dabei vielleicht Wildtieren zu begegnen? Oder einfach davon, den G\u00e4sten Ihrer Feier ein ganz besonderes Erlebnis abseits des Alltags zu erm\u00f6glichen? Dann fahren Sie zwischen Pudripp und Zernien im Landkreis L\u00fcchow-Dannenberg mit der Wendlanddraisine auf der Schiene und machen Ihre Tr\u00e4ume wahr!<\/p>\n\n\n\n<figure class=\"wp-block-image\"><img loading=\"lazy\" decoding=\"async\" width=\"1024\" height=\"683\" src=\"http:\/\/wendlanddraisine.de\/wp-content\/uploads\/2019\/09\/Draisine14-1024x683.jpg\" alt=\"\" class=\"wp-image-111\" srcset=\"https:\/\/wendlanddraisine.de\/wp-content\/uploads\/2019\/09\/Draisine14-1024x683.jpg 1024w, https:\/\/wendlanddraisine.de\/wp-content\/uploads\/2019\/09\/Draisine14-300x200.jpg 300w, https:\/\/wendlanddraisine.de\/wp-content\/uploads\/2019\/09\/Draisine14-768x512.jpg 768w\" sizes=\"auto, (max-width: 706px) 89vw, (max-width: 767px) 82vw, 740px\" \/><\/figure>\n\n\n\n<h2 class=\"wp-block-heading\">Draisinen<\/h2>\n\n\n\n<p>Vielleicht kennen Sie Draisinen aus alten Hollywoodfilmen\nund stellen sich ein schweres Gef\u00e4hrt mit einem Handhebel in der Mitte vor,\nwelches unter gro\u00dfen k\u00f6rperlichen Anstrengungen m\u00fchsam \u00fcber die Gleise bewegt\nwird. Unsere Draisinen sind ganz anders: Sie werden wie ein Fahrrad mit Pedalen\nbewegt. Damit sind sie auch n\u00e4her dran am Ursprung des Begriffs \u201eDraisine\u201c,\ndenn diese ist nach Karl Friedrich Freiherr Drais von Sauerbronn (1785-1851)\nbenannt, der 1817 eine dem heutigen Fahrrad schon entfernt \u00e4hnelnde\n\u201eLaufmaschine\u201c zum Patent anmeldete.<\/p>\n\n\n\n<p>Obwohl Draisinen deutlich schwerer als Fahrr\u00e4der sind, ist\ndas Fahren wegen des geringen Reibungswiderstandes der Schiene ganz einfach. Aber\nAchtung: Dadurch wird auch der Bremsweg etwas l\u00e4nger! Anders als bei einem Stra\u00dfenfahrrad\nbraucht man daf\u00fcr aber weder das Gleichgewicht zu halten noch zu lenken, was\ndie Draisine auch f\u00fcr Menschen mit k\u00f6rperlichen Einschr\u00e4nkungen zu einem\nidealen Freizeitgef\u00e4hrt macht!<\/p>\n\n\n\n<figure class=\"wp-block-image\"><img loading=\"lazy\" decoding=\"async\" width=\"1024\" height=\"768\" src=\"http:\/\/wendlanddraisine.de\/wp-content\/uploads\/2019\/04\/P4141123-1024x768.jpg\" alt=\"\" class=\"wp-image-47\" srcset=\"https:\/\/wendlanddraisine.de\/wp-content\/uploads\/2019\/04\/P4141123-1024x768.jpg 1024w, https:\/\/wendlanddraisine.de\/wp-content\/uploads\/2019\/04\/P4141123-300x225.jpg 300w, https:\/\/wendlanddraisine.de\/wp-content\/uploads\/2019\/04\/P4141123-768x576.jpg 768w\" sizes=\"auto, (max-width: 706px) 89vw, (max-width: 767px) 82vw, 740px\" \/><figcaption>OLYMPUS DIGITAL CAMERA<\/figcaption><\/figure>\n","protected":false},"excerpt":{"rendered":"<p>Haben Sie schon einmal davon getr\u00e4umt, Lokf\u00fchrer zu werden? Oder davon, v\u00f6llig ohne L\u00e4rm und St\u00f6rung durch andere Verkehrsteilnehmer durch stille W\u00e4lder zu gleiten und dabei vielleicht Wildtieren zu begegnen? Oder einfach davon, den G\u00e4sten Ihrer Feier ein ganz besonderes Erlebnis abseits des Alltags zu erm\u00f6glichen? Dann fahren Sie zwischen Pudripp und Zernien im Landkreis &hellip; <\/p>\n<p class=\"link-more\"><a href=\"https:\/\/wendlanddraisine.de\/\" class=\"more-link\"><span class=\"screen-reader-text\">\u201eWillkommen bei der Wendlanddraisine!\u201c <\/span>weiterlesen<\/a><\/p>\n","protected":false},"author":1,"featured_media":0,"parent":0,"menu_order":0,"comment_status":"closed","ping_status":"closed","template":"","meta":{"footnotes":""},"class_list":["post-35","page","type-page","status-publish","hentry"],"_links":{"self":[{"href":"https:\/\/wendlanddraisine.de\/index.php?rest_route=\/wp\/v2\/pages\/35","targetHints":{"allow":["GET"]}}],"collection":[{"href":"https:\/\/wendlanddraisine.de\/index.php?rest_route=\/wp\/v2\/pages"}],"about":[{"href":"https:\/\/wendlanddraisine.de\/index.php?rest_route=\/wp\/v2\/types\/page"}],"author":[{"embeddable":true,"href":"https:\/\/wendlanddraisine.de\/index.php?rest_route=\/wp\/v2\/users\/1"}],"replies":[{"embeddable":true,"href":"https:\/\/wendlanddraisine.de\/index.php?rest_route=%2Fwp%2Fv2%2Fcomments&post=35"}],"version-history":[{"count":7,"href":"https:\/\/wendlanddraisine.de\/index.php?rest_route=\/wp\/v2\/pages\/35\/revisions"}],"predecessor-version":[{"id":141,"href":"https:\/\/wendlanddraisine.de\/index.php?rest_route=\/wp\/v2\/pages\/35\/revisions\/141"}],"wp:attachment":[{"href":"https:\/\/wendlanddraisine.de\/index.php?rest_route=%2Fwp%2Fv2%2Fmedia&parent=35"}],"curies":[{"name":"wp","href":"https:\/\/api.w.org\/{rel}","templated":true}]}}