{"id":6,"date":"2019-01-23T11:11:48","date_gmt":"2019-01-23T11:11:48","guid":{"rendered":"http:\/\/wendlanddraisine.de\/?page_id=6"},"modified":"2024-03-29T19:11:43","modified_gmt":"2024-03-29T19:11:43","slug":"ueber-uns","status":"publish","type":"page","link":"https:\/\/wendlanddraisine.de\/?page_id=6","title":{"rendered":"Die Strecke"},"content":{"rendered":"\n<p>Der regul\u00e4r befahrbare Abschnitt unserer Strecke ist 7,8 km lang. Der \u00f6stliche Abschnitt ist 4,5 km lang und f\u00fchrt von Zernien in Richtung Dannenberg durch W\u00e4lder und in den Bahnhof Pudripp.  Vom Standort der Draisinen in Zernien aus geht es zun\u00e4chst \u00fcber Felder mit weiter Aussicht leicht bergauf bis zur Braascher Br\u00fccke. Dann geht es in einen dichten Wald, der teilweise fast schon skandinavisch anmutet. Mitten im Wald dann der unbestreitbare H\u00f6hepunkt unserer Strecke: das aus drei B\u00f6gen bestehende Betonviadukt \u00fcber die Bundesstra\u00dfe 191 bei Pudripp. Hier k\u00f6nnen Sie gern Fotos von der Draisine aus machen &#8211; aber bitte nicht absteigen! Danach fahren Sie in den Bahnhof Pudripp, wo noch fast alle Gleise vorhanden sind, wenn auch teilweise stark zugewuchert. Hier kann man sich noch gut vorstellen, was hier einst alles verladen wurde. In Pudripp wird die Draisine an einer Weiche mitten im Wald mittels einer Drehscheibe f\u00fcr die R\u00fcckfahrt gewendet \u2013 das geht ganz einfach, und Sie k\u00f6nnen es nach der Einweisung selbst machen. Anders als bei vielen anderen Draisinenbahnen brauchen Sie keine Angst vor kreuzendem Stra\u00dfenverkehr zu haben, da am derzeit befahrenen Streckenabschnitt lediglich ein Waldweg gekreuzt wird.<\/p>\n\n\n\n<p>Bitte beachten Sie, dass sich s\u00e4mtliche Anlagen und Geb\u00e4ude in Pudripp in Privatbesitz befinden! Auf und an den Gleisen k\u00f6nnen Sie sich selbstverst\u00e4ndlich \u00fcberall bewegen, denn diese geh\u00f6ren dem Unternehmen &#8222;Oshteide-Elbe-Bahninfrastruktur GmbH&#8220;, welches auf unserem Verein hervorgegangen ist und die Strecke von der DB gekauft hat, um sie zu erhalten. Aber die \u00fcbrigen Anlagen &#8211; sowohl das Raiffeisen-Kartoffellager als auch das ehemalige Bahnhofsgeb\u00e4ude &#8211; werden privat genutzt, bewohnt oder f\u00fcr landwirtschaftliche Zwecke benutzt. Also bitte nicht einfach auf die Grundst\u00fccke drauf laufen &#8211; zumal es auf dem Gel\u00e4nde der Kartoffelhalle durch Treckergespanne und Gabelstapler auch eine erhebliche Unfallgefahr gibt.<\/p>\n\n\n\n<p>Seit Ostern 2022 ist ein neuer, 3,3 km langer Streckenabschnitt hinzu gekommen, der vom Bahn\u00fcbergang in Zernien aus in westliche Richtung verl\u00e4uft. Dieser Streckenabschnitt verl\u00e4uft zuerst durch den ehemaligen Bahnhof Zernien und dann \u00fcberwiegend geradeaus auf einem hohen Bahndamm durch eine leicht gewellte, reizvolle Landschaft mit Wiesen und Feldern. Vom Bahndamm aus gibt es sch\u00f6ne Ausblicke auf die kleinen D\u00f6rfer Sellien und Timmeitz. An der Uelzener Kreisgrenze ist dann leider Schluss, denn ab hier sind die Gleise bis zum Endpunkt des G\u00fcterverkehrs kurz vor Uelzen abgebaut. Daf\u00fcr erleichtert hier bald auch eine Drehscheibe das Wenden der Draisinen.<\/p>\n\n\n\n<p>Weitere 6,5 km von Pudripp \u00fcber Karwitz bis zum Fischteich am Lebbiener Weg kurz vor Dannenberg sollen k\u00fcnftig ebenfalls mit Draisinen befahren werden, allerdings muss dazu zunn\u00e4chst noch eine Gleisl\u00fccke geschlossen werden, die bei den Protesten gegen die Atomm\u00fclltransporte ins Wendland 1996 entstanden ist.<\/p>\n\n\n\n<figure class=\"wp-block-image is-resized\"><img loading=\"lazy\" decoding=\"async\" width=\"1024\" height=\"767\" src=\"http:\/\/wendlanddraisine.de\/wp-content\/uploads\/2019\/04\/P4141201-1024x767.jpg\" alt=\"\" class=\"wp-image-48\" style=\"width:432px;height:323px\" srcset=\"https:\/\/wendlanddraisine.de\/wp-content\/uploads\/2019\/04\/P4141201-1024x767.jpg 1024w, https:\/\/wendlanddraisine.de\/wp-content\/uploads\/2019\/04\/P4141201-300x225.jpg 300w, https:\/\/wendlanddraisine.de\/wp-content\/uploads\/2019\/04\/P4141201-768x576.jpg 768w\" sizes=\"auto, (max-width: 706px) 89vw, (max-width: 767px) 82vw, 740px\" \/><figcaption class=\"wp-element-caption\">Viadukt bei Pudripp<\/figcaption><\/figure>\n\n\n\n<p><\/p>\n\n\n\n<p><\/p>\n\n\n<div class=\"wp-block-image\">\n<figure class=\"alignleft is-resized\"><img loading=\"lazy\" decoding=\"async\" width=\"1024\" height=\"768\" src=\"http:\/\/wendlanddraisine.de\/wp-content\/uploads\/2019\/04\/P4141054-1024x768.jpg\" alt=\"\" class=\"wp-image-45\" style=\"width:448px;height:337px\" srcset=\"https:\/\/wendlanddraisine.de\/wp-content\/uploads\/2019\/04\/P4141054-1024x768.jpg 1024w, https:\/\/wendlanddraisine.de\/wp-content\/uploads\/2019\/04\/P4141054-300x225.jpg 300w, https:\/\/wendlanddraisine.de\/wp-content\/uploads\/2019\/04\/P4141054-768x576.jpg 768w\" sizes=\"auto, (max-width: 706px) 89vw, (max-width: 767px) 82vw, 740px\" \/><figcaption class=\"wp-element-caption\">Feldweg\u00fcberf\u00fchrung an der Strecke zwischen Zernien und Braasche<\/figcaption><\/figure>\n<\/div>\n\n\n<figure class=\"wp-block-image is-resized\"><img loading=\"lazy\" decoding=\"async\" width=\"1024\" height=\"768\" src=\"http:\/\/wendlanddraisine.de\/wp-content\/uploads\/2019\/04\/P4140988-1024x768.jpg\" alt=\"\" class=\"wp-image-43\" style=\"width:446px;height:334px\" srcset=\"https:\/\/wendlanddraisine.de\/wp-content\/uploads\/2019\/04\/P4140988-1024x768.jpg 1024w, https:\/\/wendlanddraisine.de\/wp-content\/uploads\/2019\/04\/P4140988-300x225.jpg 300w, https:\/\/wendlanddraisine.de\/wp-content\/uploads\/2019\/04\/P4140988-768x576.jpg 768w\" sizes=\"auto, (max-width: 706px) 89vw, (max-width: 767px) 82vw, 740px\" \/><figcaption class=\"wp-element-caption\">Partie am Sportplatz in Zernien                                                <\/figcaption><\/figure>\n\n\n\n<p> <\/p>\n","protected":false},"excerpt":{"rendered":"<p>Der regul\u00e4r befahrbare Abschnitt unserer Strecke ist 7,8 km lang. Der \u00f6stliche Abschnitt ist 4,5 km lang und f\u00fchrt von Zernien in Richtung Dannenberg durch W\u00e4lder und in den Bahnhof Pudripp. Vom Standort der Draisinen in Zernien aus geht es zun\u00e4chst \u00fcber Felder mit weiter Aussicht leicht bergauf bis zur Braascher Br\u00fccke. Dann geht es &hellip; <\/p>\n<p class=\"link-more\"><a href=\"https:\/\/wendlanddraisine.de\/?page_id=6\" class=\"more-link\"><span class=\"screen-reader-text\">\u201eDie Strecke\u201c <\/span>weiterlesen<\/a><\/p>\n","protected":false},"author":1,"featured_media":104,"parent":0,"menu_order":0,"comment_status":"closed","ping_status":"closed","template":"","meta":{"footnotes":""},"class_list":["post-6","page","type-page","status-publish","has-post-thumbnail","hentry"],"_links":{"self":[{"href":"https:\/\/wendlanddraisine.de\/index.php?rest_route=\/wp\/v2\/pages\/6","targetHints":{"allow":["GET"]}}],"collection":[{"href":"https:\/\/wendlanddraisine.de\/index.php?rest_route=\/wp\/v2\/pages"}],"about":[{"href":"https:\/\/wendlanddraisine.de\/index.php?rest_route=\/wp\/v2\/types\/page"}],"author":[{"embeddable":true,"href":"https:\/\/wendlanddraisine.de\/index.php?rest_route=\/wp\/v2\/users\/1"}],"replies":[{"embeddable":true,"href":"https:\/\/wendlanddraisine.de\/index.php?rest_route=%2Fwp%2Fv2%2Fcomments&post=6"}],"version-history":[{"count":11,"href":"https:\/\/wendlanddraisine.de\/index.php?rest_route=\/wp\/v2\/pages\/6\/revisions"}],"predecessor-version":[{"id":177,"href":"https:\/\/wendlanddraisine.de\/index.php?rest_route=\/wp\/v2\/pages\/6\/revisions\/177"}],"wp:featuredmedia":[{"embeddable":true,"href":"https:\/\/wendlanddraisine.de\/index.php?rest_route=\/wp\/v2\/media\/104"}],"wp:attachment":[{"href":"https:\/\/wendlanddraisine.de\/index.php?rest_route=%2Fwp%2Fv2%2Fmedia&parent=6"}],"curies":[{"name":"wp","href":"https:\/\/api.w.org\/{rel}","templated":true}]}}