{"id":8,"date":"2019-01-23T11:11:48","date_gmt":"2019-01-23T11:11:48","guid":{"rendered":"http:\/\/wendlanddraisine.de\/?page_id=8"},"modified":"2025-04-18T10:47:54","modified_gmt":"2025-04-18T10:47:54","slug":"zeiten-preise","status":"publish","type":"page","link":"https:\/\/wendlanddraisine.de\/?page_id=8","title":{"rendered":"Buchung &#038; Preise"},"content":{"rendered":"\n<p>Seit Ostern 2025 sind die Draisinen wieder f\u00fcr Sie im Einsatz. Alle unsere Fahrzeuge haben jeweils vier Pl\u00e4tze, werden wie ein Fahrrad mit Pedalantrieb fortbewegt und k\u00f6nnen auch gekuppelt werden.<\/p>\n\n\n\n<p>Die Preise betragen 30 Euro pro Draisineneinheit f\u00fcr 2-4 Personen.  Alle Preise sind inklusive&nbsp;Mehrwertsteuer.<\/p>\n\n\n\n<p>Sie k\u00f6nnen Ihren Fahrtenwunsch unter der Rufnummer <strong>+49176-63730376<\/strong> (Michael Zuther) vorab anmelden, m\u00f6glichst schon mindestens einen Tag vorher, damit wir besser planen k\u00f6nnen und Sie auch wunschgem\u00e4\u00df eine Draisine zur Verf\u00fcgung haben. Sehr gerne k\u00f6nnen Sie diese Nummer auch per WhatsApp, Telegram oder Signal kontaktieren! Es k\u00f6nnen gern individuelle Abfahrtszeiten vereinbart werden, denn wir fahren an allen Wochenenden zwischen April und Oktober. Ausnahmsweise k\u00f6nnen auch sonst unter der Woche individuelle Abfahrtszeiten vereinbart werden, aber: Die Fahrten k\u00f6nnen (auch am Wochenende) nur statt finden, sofern ein Vereinsmitglied f\u00fcr die Herausgabe der Fahrzeuge zur Verf\u00fcgung steht &#8211; wir machen das schlie\u00dflich komplett ehrenamtlich!<\/p>\n\n\n\n<p>Neben der Nummer <strong>+49176-63730376<\/strong> ist es auch m\u00f6glich, Ihren Fahrtwunsch per E-Mail unter info(at)wendlanddraisine.de anzumelden.<\/p>\n\n\n\n<p>Die \u00dcbergabe der Fahrzeuge erfolgt am Bahn\u00fcbergang G\u00f6hrdestra\u00dfe in Zernien, dort befindet sich auch ein Parkplatz. Eine Sicherheitseinweisung in die Bedienung und Handhabe der Fahrzeuge erh\u00e4lt jeder Fahrgast vor Ort in Zernien. <\/p>\n","protected":false},"excerpt":{"rendered":"<p>Seit Ostern 2025 sind die Draisinen wieder f\u00fcr Sie im Einsatz. Alle unsere Fahrzeuge haben jeweils vier Pl\u00e4tze, werden wie ein Fahrrad mit Pedalantrieb fortbewegt und k\u00f6nnen auch gekuppelt werden. Die Preise betragen 30 Euro pro Draisineneinheit f\u00fcr 2-4 Personen. Alle Preise sind inklusive&nbsp;Mehrwertsteuer. Sie k\u00f6nnen Ihren Fahrtenwunsch unter der Rufnummer +49176-63730376 (Michael Zuther) vorab &hellip; <\/p>\n<p class=\"link-more\"><a href=\"https:\/\/wendlanddraisine.de\/?page_id=8\" class=\"more-link\"><span class=\"screen-reader-text\">\u201eBuchung &#038; Preise\u201c <\/span>weiterlesen<\/a><\/p>\n","protected":false},"author":1,"featured_media":0,"parent":0,"menu_order":0,"comment_status":"closed","ping_status":"closed","template":"","meta":{"footnotes":""},"class_list":["post-8","page","type-page","status-publish","hentry"],"_links":{"self":[{"href":"https:\/\/wendlanddraisine.de\/index.php?rest_route=\/wp\/v2\/pages\/8","targetHints":{"allow":["GET"]}}],"collection":[{"href":"https:\/\/wendlanddraisine.de\/index.php?rest_route=\/wp\/v2\/pages"}],"about":[{"href":"https:\/\/wendlanddraisine.de\/index.php?rest_route=\/wp\/v2\/types\/page"}],"author":[{"embeddable":true,"href":"https:\/\/wendlanddraisine.de\/index.php?rest_route=\/wp\/v2\/users\/1"}],"replies":[{"embeddable":true,"href":"https:\/\/wendlanddraisine.de\/index.php?rest_route=%2Fwp%2Fv2%2Fcomments&post=8"}],"version-history":[{"count":18,"href":"https:\/\/wendlanddraisine.de\/index.php?rest_route=\/wp\/v2\/pages\/8\/revisions"}],"predecessor-version":[{"id":182,"href":"https:\/\/wendlanddraisine.de\/index.php?rest_route=\/wp\/v2\/pages\/8\/revisions\/182"}],"wp:attachment":[{"href":"https:\/\/wendlanddraisine.de\/index.php?rest_route=%2Fwp%2Fv2%2Fmedia&parent=8"}],"curies":[{"name":"wp","href":"https:\/\/api.w.org\/{rel}","templated":true}]}}